{"id":4570,"date":"2024-05-15T10:32:43","date_gmt":"2024-05-15T03:32:43","guid":{"rendered":"https:\/\/bwindustrial.com\/contact-us\/"},"modified":"2026-03-03T14:45:19","modified_gmt":"2026-03-03T07:45:19","slug":"lien-he-voi-chung-toi","status":"publish","type":"page","link":"https:\/\/bwindustrial.com\/vi\/lien-he-voi-chung-toi\/","title":{"rendered":"Li\u00ean h\u1ec7 v\u1edbi ch\u00fang t\u00f4i"},"content":{"rendered":"<h2>\u0110\u1ed9i ng\u0169 chuy\u00ean gia b\u00e1n h\u00e0ng v\u00e0 d\u1ecbch v\u1ee5 ch\u0103m s\u00f3c kh\u00e1ch h\u00e0ng c\u1ee7a ch\u00fang t\u00f4i<strong> lu\u00f4n s\u1eb5n s\u00e0ng h\u1ed7 tr\u1ee3 24\/7.<\/strong><\/h2>\n<h2>\u0110\u1eb7t l\u1ecbch t\u01b0 v\u1ea5n ngay ch\u1ec9 v\u1edbi m\u1ed9t c\u00fa nh\u1ea5p chu\u1ed9t.<\/h2>\n","protected":false},"excerpt":{"rendered":"<p>\u0110\u1ed9i ng\u0169 chuy\u00ean gia b\u00e1n h\u00e0ng v\u00e0 d\u1ecbch v\u1ee5 ch\u0103m s\u00f3c kh\u00e1ch h\u00e0ng c\u1ee7a ch\u00fang t\u00f4i lu\u00f4n s\u1eb5n s\u00e0ng h\u1ed7 tr\u1ee3 24\/7. \u0110\u1eb7t l\u1ecbch t\u01b0 v\u1ea5n ngay ch\u1ec9 v\u1edbi m\u1ed9t c\u00fa nh\u1ea5p chu\u1ed9t.<\/p>\n","protected":false},"author":1,"featured_media":0,"parent":0,"menu_order":0,"comment_status":"closed","ping_status":"closed","template":"pages\/page-contact.php","meta":{"_acf_changed":false,"footnotes":""},"class_list":["post-4570","page","type-page","status-publish","hentry"],"acf":[],"_links":{"self":[{"href":"https:\/\/bwindustrial.com\/vi\/wp-json\/wp\/v2\/pages\/4570"}],"collection":[{"href":"https:\/\/bwindustrial.com\/vi\/wp-json\/wp\/v2\/pages"}],"about":[{"href":"https:\/\/bwindustrial.com\/vi\/wp-json\/wp\/v2\/types\/page"}],"author":[{"embeddable":true,"href":"https:\/\/bwindustrial.com\/vi\/wp-json\/wp\/v2\/users\/1"}],"replies":[{"embeddable":true,"href":"https:\/\/bwindustrial.com\/vi\/wp-json\/wp\/v2\/comments?post=4570"}],"version-history":[{"count":12,"href":"https:\/\/bwindustrial.com\/vi\/wp-json\/wp\/v2\/pages\/4570\/revisions"}],"predecessor-version":[{"id":10746,"href":"https:\/\/bwindustrial.com\/vi\/wp-json\/wp\/v2\/pages\/4570\/revisions\/10746"}],"wp:attachment":[{"href":"https:\/\/bwindustrial.com\/vi\/wp-json\/wp\/v2\/media?parent=4570"}],"curies":[{"name":"wp","href":"https:\/\/api.w.org\/{rel}","templated":true}]}}