{"id":4627,"date":"2024-05-15T10:31:49","date_gmt":"2024-05-15T03:31:49","guid":{"rendered":"https:\/\/bwindustrial.com\/our-business\/"},"modified":"2025-03-31T11:29:13","modified_gmt":"2025-03-31T04:29:13","slug":"hoat-dong-kinh-doanh","status":"publish","type":"page","link":"https:\/\/bwindustrial.com\/vi\/hoat-dong-kinh-doanh\/","title":{"rendered":"Ho\u1ea1t \u0111\u1ed9ng kinh doanh"},"content":{"rendered":"<h1 class=\"site-title\">\u00a0M\u00f4 h\u00ecnh kinh doanh<\/h1>\n<div class=\"site-desc mt-4\">\n<p>M\u00f4 h\u00ecnh kinh doanh c\u1ee7a ch\u00fang t\u00f4i x\u00e2y d\u1ef1ng d\u1ef1a tr\u00ean chi\u1ebfn l\u01b0\u1ee3c r\u00f5 r\u00e0ng, chuy\u00ean m\u00f4n cao v\u00e0 cam k\u1ebft uy t\u00edn t\u1eeb c\u00e1c nh\u00e0 \u0111\u1ea7u t\u01b0, v\u1edbi v\u1ecb tr\u00ed \u0111\u1ed9c t\u00f4n n\u1eafm b\u1eaft s\u1ef1 t\u0103ng tr\u01b0\u1edfng v\u1edbi chu k\u1ef3 ph\u00e1t tri\u1ec3n hi\u1ec7u qu\u1ea3 \u0111\u00e3 \u0111\u01b0\u1ee3c ch\u1ee9ng minh qua s\u1ef1 th\u00e0nh c\u00f4ng c\u1ee7a ch\u00fang t\u00f4i nh\u1eefng n\u0103m v\u1eeba qua.<\/p>\n<\/div>\n","protected":false},"excerpt":{"rendered":"<p>\u00a0M\u00f4 h\u00ecnh kinh doanh M\u00f4 h\u00ecnh kinh doanh c\u1ee7a ch\u00fang t\u00f4i x\u00e2y d\u1ef1ng d\u1ef1a tr\u00ean chi\u1ebfn l\u01b0\u1ee3c r\u00f5 r\u00e0ng, chuy\u00ean m\u00f4n cao v\u00e0 cam k\u1ebft uy t\u00edn t\u1eeb c\u00e1c nh\u00e0 \u0111\u1ea7u t\u01b0, v\u1edbi v\u1ecb tr\u00ed \u0111\u1ed9c t\u00f4n n\u1eafm b\u1eaft s\u1ef1 t\u0103ng tr\u01b0\u1edfng v\u1edbi chu k\u1ef3 ph\u00e1t tri\u1ec3n hi\u1ec7u qu\u1ea3 \u0111\u00e3 \u0111\u01b0\u1ee3c ch\u1ee9ng minh qua s\u1ef1 [&hellip;]<\/p>\n","protected":false},"author":1,"featured_media":46,"parent":0,"menu_order":0,"comment_status":"closed","ping_status":"closed","template":"pages\/page-our-business.php","meta":{"_acf_changed":false,"footnotes":""},"class_list":["post-4627","page","type-page","status-publish","has-post-thumbnail","hentry"],"acf":[],"_links":{"self":[{"href":"https:\/\/bwindustrial.com\/vi\/wp-json\/wp\/v2\/pages\/4627"}],"collection":[{"href":"https:\/\/bwindustrial.com\/vi\/wp-json\/wp\/v2\/pages"}],"about":[{"href":"https:\/\/bwindustrial.com\/vi\/wp-json\/wp\/v2\/types\/page"}],"author":[{"embeddable":true,"href":"https:\/\/bwindustrial.com\/vi\/wp-json\/wp\/v2\/users\/1"}],"replies":[{"embeddable":true,"href":"https:\/\/bwindustrial.com\/vi\/wp-json\/wp\/v2\/comments?post=4627"}],"version-history":[{"count":8,"href":"https:\/\/bwindustrial.com\/vi\/wp-json\/wp\/v2\/pages\/4627\/revisions"}],"predecessor-version":[{"id":9881,"href":"https:\/\/bwindustrial.com\/vi\/wp-json\/wp\/v2\/pages\/4627\/revisions\/9881"}],"wp:featuredmedia":[{"embeddable":true,"href":"https:\/\/bwindustrial.com\/vi\/wp-json\/wp\/v2\/media\/46"}],"wp:attachment":[{"href":"https:\/\/bwindustrial.com\/vi\/wp-json\/wp\/v2\/media?parent=4627"}],"curies":[{"name":"wp","href":"https:\/\/api.w.org\/{rel}","templated":true}]}}