{"id":4634,"date":"2024-05-15T10:30:31","date_gmt":"2024-05-15T03:30:31","guid":{"rendered":"https:\/\/bwindustrial.com\/about-us\/"},"modified":"2026-01-12T10:18:01","modified_gmt":"2026-01-12T03:18:01","slug":"ve-chung-toi","status":"publish","type":"page","link":"https:\/\/bwindustrial.com\/vi\/ve-chung-toi\/","title":{"rendered":"V\u1ec1 ch\u00fang t\u00f4i"},"content":{"rendered":"<h1 class=\"site-title\">V\u1ec1 BW Industrial<\/h1>\n<div class=\"site-desc mt-4\">\n<p style=\"text-align: justify;\">\u0110\u01b0\u1ee3c th\u00e0nh l\u1eadp b\u1edfi Warburg Pincus, qu\u1ef9 \u0111\u1ea7u t\u01b0 t\u01b0 nh\u00e2n h\u00e0ng \u0111\u1ea7u th\u1ebf gi\u1edbi v\u00e0 l\u00e0 m\u1ed9t trong nh\u1eefng nh\u00e0 \u0111\u1ea7u t\u01b0 l\u1edbn nh\u1ea5t v\u00e0 t\u00edch c\u1ef1c nh\u1ea5t trong l\u0129nh v\u1ef1c b\u1ea5t \u0111\u1ed9ng s\u1ea3n t\u1ea1i ch\u00e2u \u00c1, v\u00e0 Becamex IDC, nh\u00e0 ph\u00e1t tri\u1ec3n b\u1ea5t \u0111\u1ed9ng s\u1ea3n khu c\u00f4ng nghi\u1ec7p v\u00e0 \u0111\u00f4 th\u1ecb h\u00e0ng \u0111\u1ea7u Vi\u1ec7t Nam. Trong n\u0103m 2023, ESR Group, nh\u00e0 qu\u1ea3n l\u00fd b\u1ea5t \u0111\u1ed9ng s\u1ea3n ph\u1ee5c v\u1ee5 kinh t\u1ebf 4.0 l\u1edbn nh\u1ea5t khu v\u1ef1c Ch\u00e2u \u00c1 \u2013 Th\u00e1i B\u00ecnh D\u01b0\u01a1ng (APAC) tr\u1edf th\u00e0nh nh\u00e0 \u0111\u1ea7u t\u01b0 chi\u1ebfn l\u01b0\u1ee3c c\u1ee7a BW.<\/p>\n<p style=\"text-align: justify;\">C\u00f4ng ty C\u1ed5 ph\u1ea7n Ph\u00e1t tri\u1ec3n C\u00f4ng nghi\u1ec7p BW (\u201cBW\u201d) l\u00e0 n\u1ec1n t\u1ea3ng b\u1ea5t \u0111\u1ed9ng s\u1ea3n logistics v\u00e0 c\u00f4ng nghi\u1ec7p h\u00e0ng \u0111\u1ea7u Vi\u1ec7t Nam v\u1edbi t\u1ed5ng t\u00e0i s\u1ea3n \u0111\u01b0\u1ee3c qu\u1ea3n l\u00fd kho\u1ea3ng 3 t\u1ef7 USD. BW hi\u1ec7n c\u00f3 h\u01a1n 10 tri\u1ec7u m\u00e9t vu\u00f4ng \u0111\u1ea5t c\u00f4ng nghi\u1ec7p t\u1ea1i c\u00e1c v\u1ecb tr\u00ed \u0111\u1eafc \u0111\u1ecba, qu\u1ea3n l\u00fd 60 d\u1ef1 \u00e1n t\u1ea1i 10 t\u1ec9nh tr\u1ecdng \u0111i\u1ec3m kh\u1eafp Vi\u1ec7t Nam, v\u1edbi kho\u1ea3ng 4,2 tri\u1ec7u m\u00e9t vu\u00f4ng t\u1ed5ng di\u1ec7n t\u00edch s\u00e0n (GFA) c\u1ee7a c\u00e1c t\u00f2a nh\u00e0 \u0111\u00e3 ho\u00e0n thi\u1ec7n v\u00e0 3,1 tri\u1ec7u m\u00e9t vu\u00f4ng t\u1ed5ng di\u1ec7n t\u00edch s\u00e0n (GFA) kh\u00e1c \u0111ang x\u00e2y d\u1ef1ng.<\/p>\n<\/div>\n","protected":false},"excerpt":{"rendered":"<p>C\u00f4ng ty ch\u00fang t\u00f4i<\/p>\n","protected":false},"author":1,"featured_media":0,"parent":0,"menu_order":0,"comment_status":"closed","ping_status":"closed","template":"pages\/page-about.php","meta":{"_acf_changed":false,"footnotes":""},"class_list":["post-4634","page","type-page","status-publish","hentry"],"acf":[],"_links":{"self":[{"href":"https:\/\/bwindustrial.com\/vi\/wp-json\/wp\/v2\/pages\/4634"}],"collection":[{"href":"https:\/\/bwindustrial.com\/vi\/wp-json\/wp\/v2\/pages"}],"about":[{"href":"https:\/\/bwindustrial.com\/vi\/wp-json\/wp\/v2\/types\/page"}],"author":[{"embeddable":true,"href":"https:\/\/bwindustrial.com\/vi\/wp-json\/wp\/v2\/users\/1"}],"replies":[{"embeddable":true,"href":"https:\/\/bwindustrial.com\/vi\/wp-json\/wp\/v2\/comments?post=4634"}],"version-history":[{"count":29,"href":"https:\/\/bwindustrial.com\/vi\/wp-json\/wp\/v2\/pages\/4634\/revisions"}],"predecessor-version":[{"id":10662,"href":"https:\/\/bwindustrial.com\/vi\/wp-json\/wp\/v2\/pages\/4634\/revisions\/10662"}],"wp:attachment":[{"href":"https:\/\/bwindustrial.com\/vi\/wp-json\/wp\/v2\/media?parent=4634"}],"curies":[{"name":"wp","href":"https:\/\/api.w.org\/{rel}","templated":true}]}}