{"id":4808,"date":"2024-05-15T10:45:03","date_gmt":"2024-05-15T03:45:03","guid":{"rendered":"https:\/\/bwindustrial.com\/esg-overview\/"},"modified":"2024-10-03T13:29:27","modified_gmt":"2024-10-03T06:29:27","slug":"ve-esg","status":"publish","type":"page","link":"https:\/\/bwindustrial.com\/vi\/moi-truong-xa-hoi-quan-tri-doanh-nghiep\/ve-esg\/","title":{"rendered":"V\u1ec1 ESG"},"content":{"rendered":"<p style=\"text-align: justify;\">ESG (M\u00f4i tr\u01b0\u1eddng, X\u00e3 h\u1ed9i v\u00e0 Qu\u1ea3n tr\u1ecb) l\u00e0 m\u1ed9t ph\u1ea7n kh\u00f4ng th\u1ec3 thi\u1ebfu trong chu k\u1ef3 ho\u1ea1t \u0111\u1ed9ng c\u1ee7a ch\u00fang t\u00f4i v\u00e0 l\u00e0 n\u1ec1n t\u1ea3ng cho m\u1ecdi kh\u00eda c\u1ea1nh c\u1ee7a v\u0103n h\u00f3a c\u00f4ng ty, k\u1ec3 c\u1ea3 vi\u1ec7c l\u1ef1a ch\u1ecdn \u0111\u1ed1i t\u00e1c li\u00ean k\u1ebft. \u0110\u00e2y l\u00e0 n\u1ec1n t\u1ea3ng cho ch\u00fang t\u00f4i x\u00e2y d\u1ef1ng m\u1ee5c ti\u00eau v\u00e0 \u0111\u1ecbnh h\u01b0\u1edbng, v\u1edbi s\u1ef1 b\u1ec1n v\u1eefng v\u00e0 m\u00f4i tr\u01b0\u1eddng, con ng\u01b0\u1eddi v\u00e0 c\u1ed9ng \u0111\u1ed3ng, c\u00f9ng v\u1edbi qu\u1ea3n tr\u1ecb v\u00e0 \u0111i\u1ec1u h\u00e0nh doanh nghi\u1ec7p, lu\u00f4n \u0111\u01b0\u1ee3c \u0111\u1eb7t l\u00e0m tr\u1ecdng t\u00e2m.<\/p>\n<p style=\"text-align: justify;\">Ch\u00fang t\u00f4i n\u1ed7 l\u1ef1c \u0111\u00e1p \u1ee9ng c\u00e1c ti\u00eau chu\u1ea9n b\u1ec1n v\u1eefng to\u00e0n c\u1ea7u, \u0111\u1ea3m b\u1ea3o r\u1eb1ng m\u1ed7i d\u1ef1 \u00e1n \u0111\u1ec1u an to\u00e0n v\u00e0 kh\u1ea3 thi. Ch\u00fang t\u00f4i ph\u1ea5n \u0111\u1ea5u t\u1ea1o ra m\u1ed9t m\u00f4i tr\u01b0\u1eddng \u0111\u00f3n nh\u1eadn, h\u00f2a nh\u1eadp v\u00e0 b\u00ecnh \u0111\u1eb3ng cho t\u1ea5t c\u1ea3 m\u1ecdi ng\u01b0\u1eddi trong m\u1ecdi kh\u00eda c\u1ea1nh c\u1ee7a doanh nghi\u1ec7p. Ch\u00fang t\u00f4i kh\u00f4ng ng\u1eebng t\u1ef1 th\u1eed th\u00e1ch, c\u1ea3 \u1edf c\u1ea5p \u0111\u1ed9 c\u00e1 nh\u00e2n l\u1eabn t\u1eadp th\u1ec3, \u0111\u1ec3 c\u1ea3i thi\u1ec7n v\u00e0 ti\u1ebfn b\u1ed9 qua t\u1eebng n\u0103m.<\/p>\n","protected":false},"excerpt":{"rendered":"<p>ESG (M\u00f4i tr\u01b0\u1eddng, X\u00e3 h\u1ed9i v\u00e0 Qu\u1ea3n tr\u1ecb) l\u00e0 m\u1ed9t ph\u1ea7n kh\u00f4ng th\u1ec3 thi\u1ebfu trong chu k\u1ef3 ho\u1ea1t \u0111\u1ed9ng c\u1ee7a ch\u00fang t\u00f4i v\u00e0 l\u00e0 n\u1ec1n t\u1ea3ng cho m\u1ecdi kh\u00eda c\u1ea1nh c\u1ee7a v\u0103n h\u00f3a c\u00f4ng ty, k\u1ec3 c\u1ea3 vi\u1ec7c l\u1ef1a ch\u1ecdn \u0111\u1ed1i t\u00e1c li\u00ean k\u1ebft. \u0110\u00e2y l\u00e0 n\u1ec1n t\u1ea3ng cho ch\u00fang t\u00f4i x\u00e2y d\u1ef1ng m\u1ee5c ti\u00eau [&hellip;]<\/p>\n","protected":false},"author":1,"featured_media":0,"parent":5465,"menu_order":0,"comment_status":"closed","ping_status":"closed","template":"pages\/page-esg-overview.php","meta":{"_acf_changed":false,"footnotes":""},"class_list":["post-4808","page","type-page","status-publish","hentry"],"acf":[],"_links":{"self":[{"href":"https:\/\/bwindustrial.com\/vi\/wp-json\/wp\/v2\/pages\/4808"}],"collection":[{"href":"https:\/\/bwindustrial.com\/vi\/wp-json\/wp\/v2\/pages"}],"about":[{"href":"https:\/\/bwindustrial.com\/vi\/wp-json\/wp\/v2\/types\/page"}],"author":[{"embeddable":true,"href":"https:\/\/bwindustrial.com\/vi\/wp-json\/wp\/v2\/users\/1"}],"replies":[{"embeddable":true,"href":"https:\/\/bwindustrial.com\/vi\/wp-json\/wp\/v2\/comments?post=4808"}],"version-history":[{"count":8,"href":"https:\/\/bwindustrial.com\/vi\/wp-json\/wp\/v2\/pages\/4808\/revisions"}],"predecessor-version":[{"id":9298,"href":"https:\/\/bwindustrial.com\/vi\/wp-json\/wp\/v2\/pages\/4808\/revisions\/9298"}],"up":[{"embeddable":true,"href":"https:\/\/bwindustrial.com\/vi\/wp-json\/wp\/v2\/pages\/5465"}],"wp:attachment":[{"href":"https:\/\/bwindustrial.com\/vi\/wp-json\/wp\/v2\/media?parent=4808"}],"curies":[{"name":"wp","href":"https:\/\/api.w.org\/{rel}","templated":true}]}}