{"id":4818,"date":"2024-05-15T10:44:49","date_gmt":"2024-05-15T03:44:49","guid":{"rendered":"https:\/\/bwindustrial.com\/esg-strategy-targets\/"},"modified":"2024-08-08T09:03:09","modified_gmt":"2024-08-08T02:03:09","slug":"chien-luoc-muc-tieu-esg","status":"publish","type":"page","link":"https:\/\/bwindustrial.com\/vi\/moi-truong-xa-hoi-quan-tri-doanh-nghiep\/chien-luoc-muc-tieu-esg\/","title":{"rendered":"Chi\u1ebfn l\u01b0\u1ee3c &amp; M\u1ee5c Ti\u00eau ESG"},"content":{"rendered":"<p>T\u1ea1i BW, ch\u00fang t\u00f4i tin r\u1eb1ng m\u1ed9t chi\u1ebfn l\u01b0\u1ee3c ESG b\u1ec1n v\u1eefng l\u00e0 ch\u00eca kh\u00f3a \u0111\u1ec3 t\u1ea1o ra t\u00e1c \u0111\u1ed9ng t\u00edch c\u1ef1c \u0111\u1ebfn c\u1ed9ng \u0111\u1ed3ng v\u00e0 m\u00f4i tr\u01b0\u1eddng xung quanh. Ch\u00fang t\u00f4i \u0111\u00e3 \u0111\u1eb7t ra nhi\u1ec1u m\u1ee5c ti\u00eau v\u00e0 k\u1ef3 v\u1ecdng ng\u1eafn h\u1ea1n c\u0169ng nh\u01b0 d\u00e0i h\u1ea1n tr\u00ean ba tr\u1ee5 c\u1ed9t ch\u00ednh \u2013 con ng\u01b0\u1eddi, t\u00e0i s\u1ea3n v\u00e0 cam k\u1ebft c\u1ee7a doanh nghi\u1ec7p. Ch\u00fang t\u00f4i \u0111\u00e3, \u0111ang v\u00e0 s\u1ebd kh\u00f4ng ng\u1eebng n\u1ed7 l\u1ef1c trong vi\u1ec7c theo \u0111u\u1ed5i nh\u1eefng m\u1ee5c ti\u00eau n\u00e0y.<\/p>\n","protected":false},"excerpt":{"rendered":"<p>T\u1ea1i BW, ch\u00fang t\u00f4i tin r\u1eb1ng m\u1ed9t chi\u1ebfn l\u01b0\u1ee3c ESG b\u1ec1n v\u1eefng l\u00e0 ch\u00eca kh\u00f3a \u0111\u1ec3 t\u1ea1o ra t\u00e1c \u0111\u1ed9ng t\u00edch c\u1ef1c \u0111\u1ebfn c\u1ed9ng \u0111\u1ed3ng v\u00e0 m\u00f4i tr\u01b0\u1eddng xung quanh. Ch\u00fang t\u00f4i \u0111\u00e3 \u0111\u1eb7t ra nhi\u1ec1u m\u1ee5c ti\u00eau v\u00e0 k\u1ef3 v\u1ecdng ng\u1eafn h\u1ea1n c\u0169ng nh\u01b0 d\u00e0i h\u1ea1n tr\u00ean ba tr\u1ee5 c\u1ed9t ch\u00ednh \u2013 con ng\u01b0\u1eddi, [&hellip;]<\/p>\n","protected":false},"author":1,"featured_media":0,"parent":5465,"menu_order":0,"comment_status":"closed","ping_status":"closed","template":"pages\/page-esg-trategy.php","meta":{"_acf_changed":false,"footnotes":""},"class_list":["post-4818","page","type-page","status-publish","hentry"],"acf":[],"_links":{"self":[{"href":"https:\/\/bwindustrial.com\/vi\/wp-json\/wp\/v2\/pages\/4818"}],"collection":[{"href":"https:\/\/bwindustrial.com\/vi\/wp-json\/wp\/v2\/pages"}],"about":[{"href":"https:\/\/bwindustrial.com\/vi\/wp-json\/wp\/v2\/types\/page"}],"author":[{"embeddable":true,"href":"https:\/\/bwindustrial.com\/vi\/wp-json\/wp\/v2\/users\/1"}],"replies":[{"embeddable":true,"href":"https:\/\/bwindustrial.com\/vi\/wp-json\/wp\/v2\/comments?post=4818"}],"version-history":[{"count":2,"href":"https:\/\/bwindustrial.com\/vi\/wp-json\/wp\/v2\/pages\/4818\/revisions"}],"predecessor-version":[{"id":7720,"href":"https:\/\/bwindustrial.com\/vi\/wp-json\/wp\/v2\/pages\/4818\/revisions\/7720"}],"up":[{"embeddable":true,"href":"https:\/\/bwindustrial.com\/vi\/wp-json\/wp\/v2\/pages\/5465"}],"wp:attachment":[{"href":"https:\/\/bwindustrial.com\/vi\/wp-json\/wp\/v2\/media?parent=4818"}],"curies":[{"name":"wp","href":"https:\/\/api.w.org\/{rel}","templated":true}]}}